{"id":18,"date":"2018-07-04T14:36:00","date_gmt":"2018-07-04T12:36:00","guid":{"rendered":"http:\/\/www.buerozwei.berlin\/?page_id=15"},"modified":"2018-11-15T16:56:10","modified_gmt":"2018-11-15T15:56:10","slug":"profils","status":"publish","type":"page","link":"https:\/\/www.buerozwei.berlin\/fr\/profils\/","title":{"rendered":"Profils"},"content":{"rendered":"<h2><a href=\"https:\/\/www.buerozwei.berlin\/fr\/profils\/charlotte-bomy\/\">Charlotte Bomy<\/a><br \/>\nTraduction et surtitrage<br \/>\nDE\/EN &gt; FR<\/h2>\n<h2><a href=\"https:\/\/www.buerozwei.berlin\/fr\/profils\/henrieke-markert\/\">Henrieke Markert<\/a><br \/>\nTraduction et interpr\u00e9tariat<br \/>\nDE\/IT\/EN<\/h2>\n<h2><a href=\"https:\/\/www.buerozwei.berlin\/fr\/profils\/lisa-wegener\/\">Lisa Wegener<\/a><br \/>\nTraduction et surtitrage<br \/>\nEN\/FR\/NL &gt; DE<\/h2>\n<p>&nbsp;<\/p>\n<p>Nous disposons d&rsquo;un r\u00e9seau international de traducteurs et traductrices professionnelles travaillant avec diff\u00e9rentes combinaisons de langues. Faites-nous part de votre demande sp\u00e9cifique et nous trouverons la solution ad\u00e9quate.<\/p>\n","protected":false},"excerpt":{"rendered":"<p>Charlotte Bomy Traduction et surtitrage DE\/EN &gt; FR Henrieke Markert Traduction et interpr\u00e9tariat DE\/IT\/EN Lisa Wegener Traduction et surtitrage EN\/FR\/NL &gt; DE &nbsp; Nous disposons d&rsquo;un r\u00e9seau international de traducteurs&#8230;<\/p>\n","protected":false},"author":2,"featured_media":0,"parent":0,"menu_order":10,"comment_status":"closed","ping_status":"closed","template":"","meta":{"_acf_changed":false,"footnotes":""},"class_list":["post-18","page","type-page","status-publish","hentry"],"acf":[],"_links":{"self":[{"href":"https:\/\/www.buerozwei.berlin\/fr\/wp-json\/wp\/v2\/pages\/18","targetHints":{"allow":["GET"]}}],"collection":[{"href":"https:\/\/www.buerozwei.berlin\/fr\/wp-json\/wp\/v2\/pages"}],"about":[{"href":"https:\/\/www.buerozwei.berlin\/fr\/wp-json\/wp\/v2\/types\/page"}],"author":[{"embeddable":true,"href":"https:\/\/www.buerozwei.berlin\/fr\/wp-json\/wp\/v2\/users\/2"}],"replies":[{"embeddable":true,"href":"https:\/\/www.buerozwei.berlin\/fr\/wp-json\/wp\/v2\/comments?post=18"}],"version-history":[{"count":5,"href":"https:\/\/www.buerozwei.berlin\/fr\/wp-json\/wp\/v2\/pages\/18\/revisions"}],"predecessor-version":[{"id":466,"href":"https:\/\/www.buerozwei.berlin\/fr\/wp-json\/wp\/v2\/pages\/18\/revisions\/466"}],"wp:attachment":[{"href":"https:\/\/www.buerozwei.berlin\/fr\/wp-json\/wp\/v2\/media?parent=18"}],"curies":[{"name":"wp","href":"https:\/\/api.w.org\/{rel}","templated":true}]}}