{"id":15,"date":"2018-07-04T14:35:28","date_gmt":"2018-07-04T12:35:28","guid":{"rendered":"http:\/\/www.buerozwei.berlin\/?page_id=11"},"modified":"2018-09-14T10:35:47","modified_gmt":"2018-09-14T08:35:47","slug":"mentions-legales","status":"publish","type":"page","link":"https:\/\/www.buerozwei.berlin\/fr\/mentions-legales\/","title":{"rendered":"Mentions l\u00e9gales"},"content":{"rendered":"<p>Lisa Wegener<br \/>\nK\u00e4the-Niederkirchner-Str. 17<br \/>\n10407 Berlin<\/p>\n<p>T\u00e9l. : +491631609477<br \/>\nMail : <a href=\"mailto:&#108;w&#64;&#98;&#117;e&#114;&#111;z&#119;e&#105;&#46;&#98;er&#108;i&#110;\" class=\"normal\">&#108;&#119;&#64;b&#117;e&#114;&#111;&#122;we&#105;&#46;b&#101;r&#108;&#105;&#110;<\/a><\/p>\n<p>Design : Vivien Philizot<br \/>\nProgrammation : goYippi design, <a href=\"https:\/\/www.goyippi.net\">www.goyippi.net<\/a><br \/>\nIc\u00f4nes: Font Awesome, <a href=\"https:\/\/fontawesome.com\/\">www.fontawesome.com<\/a><\/p>\n","protected":false},"excerpt":{"rendered":"<p>Lisa Wegener K\u00e4the-Niederkirchner-Str. 17 10407 Berlin T\u00e9l. : +491631609477 Mail : Design : Vivien Philizot Programmation : goYippi design, www.goyippi.net Ic\u00f4nes: Font Awesome, www.fontawesome.com<\/p>\n","protected":false},"author":2,"featured_media":0,"parent":0,"menu_order":1100,"comment_status":"closed","ping_status":"closed","template":"","meta":{"_acf_changed":false,"footnotes":""},"class_list":["post-15","page","type-page","status-publish","hentry"],"acf":[],"_links":{"self":[{"href":"https:\/\/www.buerozwei.berlin\/fr\/wp-json\/wp\/v2\/pages\/15","targetHints":{"allow":["GET"]}}],"collection":[{"href":"https:\/\/www.buerozwei.berlin\/fr\/wp-json\/wp\/v2\/pages"}],"about":[{"href":"https:\/\/www.buerozwei.berlin\/fr\/wp-json\/wp\/v2\/types\/page"}],"author":[{"embeddable":true,"href":"https:\/\/www.buerozwei.berlin\/fr\/wp-json\/wp\/v2\/users\/2"}],"replies":[{"embeddable":true,"href":"https:\/\/www.buerozwei.berlin\/fr\/wp-json\/wp\/v2\/comments?post=15"}],"version-history":[{"count":3,"href":"https:\/\/www.buerozwei.berlin\/fr\/wp-json\/wp\/v2\/pages\/15\/revisions"}],"predecessor-version":[{"id":427,"href":"https:\/\/www.buerozwei.berlin\/fr\/wp-json\/wp\/v2\/pages\/15\/revisions\/427"}],"wp:attachment":[{"href":"https:\/\/www.buerozwei.berlin\/fr\/wp-json\/wp\/v2\/media?parent=15"}],"curies":[{"name":"wp","href":"https:\/\/api.w.org\/{rel}","templated":true}]}}