{"id":12,"date":"2018-07-04T12:30:09","date_gmt":"2018-07-04T10:30:09","guid":{"rendered":"http:\/\/www.buerozwei.berlin\/?page_id=2"},"modified":"2018-11-15T19:03:21","modified_gmt":"2018-11-15T18:03:21","slug":"homepage","status":"publish","type":"page","link":"https:\/\/www.buerozwei.berlin\/fr\/","title":{"rendered":"Homepage"},"content":{"rendered":"<h2>Nous sommes traductrices, surtitreuses, relectrices et interpr\u00e8tes pour des th\u00e9\u00e2tres, des maisons d\u2019\u00e9dition et diff\u00e9rentes institutions. Notre professionnalisme va de pair avec une mise en r\u00e9seau solidaire et le souci d\u2019une langue non discriminante.\u00a0\u00a0\u00a0\u00a0\u00a0\u00a0\u00a0\u00a0\u00a0\u00a0\u00a0\u00a0\u00a0\u00a0\u00a0\u00a0\u00a0\u00a0\u00a0\u00a0\u00a0\u00a0\u00a0\u00a0\u00a0\u00a0\u00a0\u00a0\u00a0\u00a0\u00a0\u00a0\u00a0\u00a0\u00a0\u00a0\u00a0\u00a0\u00a0\u00a0 \u00c9crivez-nous : <a href=\"mailto:&#107;o&#110;&#116;&#97;&#107;t&#64;&#98;&#117;ero&#122;&#119;e&#105;&#46;b&#101;r&#108;&#105;n\" class=\"normal\">ko&#110;ta&#107;&#116;&#64;&#98;&#117;&#101;roz&#119;&#101;i&#46;b&#101;&#114;li&#110;<\/a><\/h2>\n<div class=\"clear line\"><\/div>\n<h2><a href=\"https:\/\/www.buerozwei.berlin\/fr\/profils\/charlotte-bomy\/\">Charlotte Bomy<\/a>, <a href=\"https:\/\/www.buerozwei.berlin\/fr\/profils\/henrieke-markert\/\">Henrieke Markert<\/a>, <a href=\"https:\/\/www.buerozwei.berlin\/fr\/profils\/lisa-wegener\/\">Lisa Wegener<\/a><\/h2>\n","protected":false},"excerpt":{"rendered":"<p>Nous sommes traductrices, surtitreuses, relectrices et interpr\u00e8tes pour des th\u00e9\u00e2tres, des maisons d\u2019\u00e9dition et diff\u00e9rentes institutions. Notre professionnalisme va de pair avec une mise en r\u00e9seau solidaire et le souci&#8230;<\/p>\n","protected":false},"author":2,"featured_media":0,"parent":0,"menu_order":0,"comment_status":"closed","ping_status":"open","template":"","meta":{"_acf_changed":false,"footnotes":""},"class_list":["post-12","page","type-page","status-publish","hentry"],"acf":[],"_links":{"self":[{"href":"https:\/\/www.buerozwei.berlin\/fr\/wp-json\/wp\/v2\/pages\/12","targetHints":{"allow":["GET"]}}],"collection":[{"href":"https:\/\/www.buerozwei.berlin\/fr\/wp-json\/wp\/v2\/pages"}],"about":[{"href":"https:\/\/www.buerozwei.berlin\/fr\/wp-json\/wp\/v2\/types\/page"}],"author":[{"embeddable":true,"href":"https:\/\/www.buerozwei.berlin\/fr\/wp-json\/wp\/v2\/users\/2"}],"replies":[{"embeddable":true,"href":"https:\/\/www.buerozwei.berlin\/fr\/wp-json\/wp\/v2\/comments?post=12"}],"version-history":[{"count":11,"href":"https:\/\/www.buerozwei.berlin\/fr\/wp-json\/wp\/v2\/pages\/12\/revisions"}],"predecessor-version":[{"id":489,"href":"https:\/\/www.buerozwei.berlin\/fr\/wp-json\/wp\/v2\/pages\/12\/revisions\/489"}],"wp:attachment":[{"href":"https:\/\/www.buerozwei.berlin\/fr\/wp-json\/wp\/v2\/media?parent=12"}],"curies":[{"name":"wp","href":"https:\/\/api.w.org\/{rel}","templated":true}]}}